{"id":30533,"date":"2025-05-02T19:36:56","date_gmt":"2025-05-02T19:36:56","guid":{"rendered":"https:\/\/rdo-olr.org\/?page_id=30533"},"modified":"2025-05-23T21:41:57","modified_gmt":"2025-05-23T21:41:57","slug":"monographie","status":"publish","type":"page","link":"https:\/\/rdo-olr.org\/fr\/monographie\/","title":{"rendered":"Monographie"},"content":{"rendered":"\t\t<div data-elementor-type=\"wp-page\" data-elementor-id=\"30533\" class=\"elementor elementor-30533 elementor-30481\" data-elementor-post-type=\"page\">\n\t\t\t\t<div class=\"elementor-element elementor-element-a64b74d e-flex e-con-boxed e-con e-parent\" data-id=\"a64b74d\" data-element_type=\"container\" data-e-type=\"container\">\n\t\t\t\t\t<div class=\"e-con-inner\">\n\t\t\t\t<div class=\"elementor-element elementor-element-4e7a85f breadcurms_custom elementor-widget elementor-widget-post-info\" data-id=\"4e7a85f\" data-element_type=\"widget\" data-e-type=\"widget\" data-widget_type=\"post-info.default\">\n\t\t\t\t<div class=\"elementor-widget-container\">\n\t\t\t\t\t\t\t<ul class=\"elementor-inline-items elementor-icon-list-items elementor-post-info\">\n\t\t\t\t\t\t\t\t<li class=\"elementor-icon-list-item elementor-repeater-item-7ce95a2 elementor-inline-item\">\n\t\t\t\t\t\t<a href=\"\/\">\n\t\t\t\t\t\t\t\t\t\t\t\t\t\t<span class=\"elementor-icon-list-text elementor-post-info__item elementor-post-info__item--type-custom\">\n\t\t\t\t\t\t\t\t\t\tAccueil\t\t\t\t\t<\/span>\n\t\t\t\t\t\t\t\t\t<\/a>\n\t\t\t\t<\/li>\n\t\t\t\t<li class=\"elementor-icon-list-item elementor-repeater-item-1cfd160 elementor-inline-item\">\n\t\t\t\t\t\t\t\t\t\t<span class=\"elementor-icon-list-icon\">\n\t\t\t\t\t\t\t\t<svg xmlns=\"http:\/\/www.w3.org\/2000\/svg\" xmlns:xlink=\"http:\/\/www.w3.org\/1999\/xlink\" width=\"24px\" height=\"24px\" viewBox=\"0 0 24 24\"><title>38D684AE-F1B9-42EF-B33C-750ED00D8B3D<\/title><g id=\"Mockup\" stroke=\"none\" stroke-width=\"1\" fill=\"none\" fill-rule=\"evenodd\"><g id=\"Events-Child\" transform=\"translate(-1637.000000, -1218.000000)\" fill=\"#000000\"><g id=\"chevron-right\" transform=\"translate(1637.000000, 1218.000000)\"><path d=\"M6.96899998,2.46899996 C7.10970637,2.32793741 7.30075909,2.24865928 7.49999998,2.24865928 C7.69924087,2.24865928 7.89029359,2.32793741 8.03099998,2.46899996 L17.031,11.469 C17.1720626,11.6097064 17.2513407,11.8007591 17.2513407,12 C17.2513407,12.1992409 17.1720626,12.3902936 17.031,12.531 L8.03099998,21.531 C7.73773678,21.8242632 7.26226318,21.8242632 6.96899998,21.531 C6.67573678,21.2377368 6.67573678,20.7622632 6.96899998,20.469 L15.4395,12 L6.96899998,3.53099996 C6.82793743,3.39029357 6.7486593,3.19924085 6.7486593,2.99999996 C6.7486593,2.80075907 6.82793743,2.60970636 6.96899998,2.46899996 Z\"><\/path><\/g><\/g><\/g><\/svg>\t\t\t\t\t\t\t<\/span>\n\t\t\t\t\t\t\t\t\t<span class=\"elementor-icon-list-text elementor-post-info__item elementor-post-info__item--type-custom\">\n\t\t\t\t\t\t\t\t\t\tMonographie\t\t\t\t\t<\/span>\n\t\t\t\t\t\t\t\t<\/li>\n\t\t\t\t<\/ul>\n\t\t\t\t\t\t<\/div>\n\t\t\t\t<\/div>\n\t\t\t\t\t<\/div>\n\t\t\t\t<\/div>\n\t\t<div class=\"elementor-element elementor-element-b09f905 e-flex e-con-boxed e-con e-parent\" data-id=\"b09f905\" data-element_type=\"container\" data-e-type=\"container\">\n\t\t\t\t\t<div class=\"e-con-inner\">\n\t\t<div class=\"elementor-element elementor-element-813bc0b e-con-full e-flex e-con e-child\" data-id=\"813bc0b\" data-element_type=\"container\" data-e-type=\"container\">\n\t\t<div class=\"elementor-element elementor-element-e967e09 e-con-full e-flex e-con e-child\" data-id=\"e967e09\" data-element_type=\"container\" data-e-type=\"container\">\n\t\t\t\t<div class=\"elementor-element elementor-element-377ed2c elementor-widget elementor-widget-image\" data-id=\"377ed2c\" data-element_type=\"widget\" data-e-type=\"widget\" data-widget_type=\"image.default\">\n\t\t\t\t<div class=\"elementor-widget-container\">\n\t\t\t\t\t\t\t\t\t\t\t\t\t\t\t\t<a href=\"\/fr\/incidence-de-lintelligence-artificielle-sur-les-revues-de-droit\">\n\t\t\t\t\t\t\t<img fetchpriority=\"high\" decoding=\"async\" width=\"768\" height=\"1152\" src=\"https:\/\/rdo-olr.org\/wp-content\/uploads\/2025\/05\/Incidence-de-lintelligence-artificielle-cover-1-768x1152.jpg\" class=\"attachment-medium_large size-medium_large wp-image-30540\" alt=\"\" srcset=\"https:\/\/rdo-olr.org\/wp-content\/uploads\/2025\/05\/Incidence-de-lintelligence-artificielle-cover-1-768x1152.jpg 768w, https:\/\/rdo-olr.org\/wp-content\/uploads\/2025\/05\/Incidence-de-lintelligence-artificielle-cover-1-200x300.jpg 200w, https:\/\/rdo-olr.org\/wp-content\/uploads\/2025\/05\/Incidence-de-lintelligence-artificielle-cover-1-683x1024.jpg 683w, https:\/\/rdo-olr.org\/wp-content\/uploads\/2025\/05\/Incidence-de-lintelligence-artificielle-cover-1-1024x1536.jpg 1024w, https:\/\/rdo-olr.org\/wp-content\/uploads\/2025\/05\/Incidence-de-lintelligence-artificielle-cover-1-1365x2048.jpg 1365w, https:\/\/rdo-olr.org\/wp-content\/uploads\/2025\/05\/Incidence-de-lintelligence-artificielle-cover-1-scaled.jpg 1707w\" sizes=\"(max-width: 768px) 100vw, 768px\" \/>\t\t\t\t\t\t\t\t<\/a>\n\t\t\t\t\t\t\t\t\t\t\t\t\t\t\t<\/div>\n\t\t\t\t<\/div>\n\t\t<div class=\"elementor-element elementor-element-8cc429e e-con-full e-flex e-con e-child\" data-id=\"8cc429e\" data-element_type=\"container\" data-e-type=\"container\">\n\t\t\t\t<div class=\"elementor-element elementor-element-fafb355 title elementor-widget elementor-widget-heading\" data-id=\"fafb355\" data-element_type=\"widget\" data-e-type=\"widget\" data-widget_type=\"heading.default\">\n\t\t\t\t<div class=\"elementor-widget-container\">\n\t\t\t\t\t<h3 class=\"elementor-heading-title elementor-size-default\"><a href=\"\/fr\/incidence-de-lintelligence-artificielle-sur-les-revues-de-droit\">Incidence de l\u2019intelligence artificielle \nsur les revues de droit | Artificial \nIntelligence\u2019s Impact on Legal \nJournals<\/a><\/h3>\t\t\t\t<\/div>\n\t\t\t\t<\/div>\n\t\t<div class=\"elementor-element elementor-element-92fff3c e-con-full e-flex e-con e-child\" data-id=\"92fff3c\" data-element_type=\"container\" data-e-type=\"container\">\n\t\t\t\t<div class=\"elementor-element elementor-element-d64c257 date elementor-widget elementor-widget-heading\" data-id=\"d64c257\" data-element_type=\"widget\" data-e-type=\"widget\" data-widget_type=\"heading.default\">\n\t\t\t\t<div class=\"elementor-widget-container\">\n\t\t\t\t\t<div class=\"elementor-heading-title elementor-size-default\">2025<\/div>\t\t\t\t<\/div>\n\t\t\t\t<\/div>\n\t\t\t\t<div class=\"elementor-element elementor-element-9af22a7 date elementor-widget elementor-widget-heading\" data-id=\"9af22a7\" data-element_type=\"widget\" data-e-type=\"widget\" data-widget_type=\"heading.default\">\n\t\t\t\t<div class=\"elementor-widget-container\">\n\t\t\t\t\t<div class=\"elementor-heading-title elementor-size-default\">Directeur: Yan Campagnolo<\/div>\t\t\t\t<\/div>\n\t\t\t\t<\/div>\n\t\t\t\t<div class=\"elementor-element elementor-element-ef11369 date elementor-widget elementor-widget-heading\" data-id=\"ef11369\" data-element_type=\"widget\" data-e-type=\"widget\" data-widget_type=\"heading.default\">\n\t\t\t\t<div class=\"elementor-widget-container\">\n\t\t\t\t\t<div class=\"elementor-heading-title elementor-size-default\">Leonie van Haeren \u2022 Shaarini Ravitharan \u2022 Emma Murray \u2022 \nEphraim Barrera<\/div>\t\t\t\t<\/div>\n\t\t\t\t<\/div>\n\t\t\t\t<\/div>\n\t\t\t\t<div class=\"elementor-element elementor-element-a98f349 elementor-widget elementor-widget-text-editor\" data-id=\"a98f349\" data-element_type=\"widget\" data-e-type=\"widget\" data-widget_type=\"text-editor.default\">\n\t\t\t\t<div class=\"elementor-widget-container\">\n\t\t\t\t\t\t\t\t\t<p><a href=\"https:\/\/press.uottawa.ca\/fr\/9780776645247\/artificial-intelligences-impact-on-legal-journals-incidence-de-lintelligence-artificielle-sur-les-revues-de-droit\/\" target=\"_blank\" rel=\"noopener\">Incidence de l\u2019intelligence artificielle sur les revues de droit<\/a> discute des possibilit\u00e9s et des d\u00e9fis que pr\u00e9sente le recours \u00e0 l\u2019intelligence artificielle (IA), ainsi que de son incidence sur les<br \/>revues de droit, notamment la <em>Revue de droit d\u2019Ottawa<\/em> (<em>RDO<\/em>).<\/p>\t\t\t\t\t\t\t\t<\/div>\n\t\t\t\t<\/div>\n\t\t\t\t<div class=\"elementor-element elementor-element-faa066f title elementor-widget elementor-widget-heading\" data-id=\"faa066f\" data-element_type=\"widget\" data-e-type=\"widget\" data-widget_type=\"heading.default\">\n\t\t\t\t<div class=\"elementor-widget-container\">\n\t\t\t\t\t<h3 class=\"elementor-heading-title elementor-size-default\"><a href=\"\/fr\/incidence-de-lintelligence-artificielle-sur-les-revues-de-droit\">En savoir plus<\/a><\/h3>\t\t\t\t<\/div>\n\t\t\t\t<\/div>\n\t\t\t\t<\/div>\n\t\t\t\t<\/div>\n\t\t\t\t<\/div>\n\t\t\t\t\t<\/div>\n\t\t\t\t<\/div>\n\t\t\t\t<\/div>\n\t\t","protected":false},"excerpt":{"rendered":"<div class='heateorSssClear'><\/div><div  class='heateor_sss_sharing_container heateor_sss_horizontal_sharing' data-heateor-sss-href='https:\/\/rdo-olr.org\/fr\/monographie\/'><div class='heateor_sss_sharing_title' style=\"font-weight:bold\" >Partager cet Article<\/div><div class=\"heateor_sss_sharing_ul\"><a aria-label=\"Facebook\" class=\"heateor_sss_facebook\" href=\"https:\/\/www.facebook.com\/sharer\/sharer.php?u=https%3A%2F%2Frdo-olr.org%2Ffr%2Fmonographie%2F\" title=\"Facebook\" rel=\"nofollow noopener\" target=\"_blank\" style=\"font-size:32px!important;box-shadow:none;display:inline-block;vertical-align:middle\"><span class=\"heateor_sss_svg\" style=\"background-color:#0765FE;width:25px;height:25px;border-radius:999px;display:inline-block;opacity:1;float:left;font-size:32px;box-shadow:none;display:inline-block;font-size:16px;padding:0 4px;vertical-align:middle;background-repeat:repeat;overflow:hidden;padding:0;cursor:pointer;box-sizing:content-box\"><svg style=\"display:block;border-radius:999px;\" focusable=\"false\" aria-hidden=\"true\" xmlns=\"http:\/\/www.w3.org\/2000\/svg\" width=\"100%\" height=\"100%\" viewBox=\"0 0 32 32\"><path fill=\"#000\" d=\"M28 16c0-6.627-5.373-12-12-12S4 9.373 4 16c0 5.628 3.875 10.35 9.101 11.647v-7.98h-2.474V16H13.1v-1.58c0-4.085 1.849-5.978 5.859-5.978.76 0 2.072.15 2.608.298v3.325c-.283-.03-.775-.045-1.386-.045-1.967 0-2.728.745-2.728 2.683V16h3.92l-.673 3.667h-3.247v8.245C23.395 27.195 28 22.135 28 16Z\"><\/path><\/svg><\/span><\/a><a aria-label=\"Email\" class=\"heateor_sss_email\" href=\"https:\/\/rdo-olr.org\/fr\/monographie\/\" onclick=\"event.preventDefault();window.open('mailto:?subject=' + decodeURIComponent('Monographie').replace('&', '%26') + '&body=https%3A%2F%2Frdo-olr.org%2Ffr%2Fmonographie%2F', '_blank')\" title=\"Email\" rel=\"noopener\" style=\"font-size:32px!important;box-shadow:none;display:inline-block;vertical-align:middle\"><span class=\"heateor_sss_svg\" style=\"background-color:#649a3f;width:25px;height:25px;border-radius:999px;display:inline-block;opacity:1;float:left;font-size:32px;box-shadow:none;display:inline-block;font-size:16px;padding:0 4px;vertical-align:middle;background-repeat:repeat;overflow:hidden;padding:0;cursor:pointer;box-sizing:content-box\"><svg style=\"display:block;border-radius:999px;\" focusable=\"false\" aria-hidden=\"true\" xmlns=\"http:\/\/www.w3.org\/2000\/svg\" width=\"100%\" height=\"100%\" viewBox=\"-.75 -.5 36 36\"><path d=\"M 5.5 11 h 23 v 1 l -11 6 l -11 -6 v -1 m 0 2 l 11 6 l 11 -6 v 11 h -22 v -11\" stroke-width=\"1\" fill=\"#000\"><\/path><\/svg><\/span><\/a><a aria-label=\"Linkedin\" class=\"heateor_sss_button_linkedin\" href=\"https:\/\/www.linkedin.com\/sharing\/share-offsite\/?url=https%3A%2F%2Frdo-olr.org%2Ffr%2Fmonographie%2F\" title=\"Linkedin\" rel=\"nofollow noopener\" target=\"_blank\" style=\"font-size:32px!important;box-shadow:none;display:inline-block;vertical-align:middle\"><span class=\"heateor_sss_svg heateor_sss_s__default heateor_sss_s_linkedin\" style=\"background-color:#0077b5;width:25px;height:25px;border-radius:999px;display:inline-block;opacity:1;float:left;font-size:32px;box-shadow:none;display:inline-block;font-size:16px;padding:0 4px;vertical-align:middle;background-repeat:repeat;overflow:hidden;padding:0;cursor:pointer;box-sizing:content-box\"><svg style=\"display:block;border-radius:999px;\" focusable=\"false\" aria-hidden=\"true\" xmlns=\"http:\/\/www.w3.org\/2000\/svg\" width=\"100%\" height=\"100%\" viewBox=\"0 0 32 32\"><path d=\"M6.227 12.61h4.19v13.48h-4.19V12.61zm2.095-6.7a2.43 2.43 0 0 1 0 4.86c-1.344 0-2.428-1.09-2.428-2.43s1.084-2.43 2.428-2.43m4.72 6.7h4.02v1.84h.058c.56-1.058 1.927-2.176 3.965-2.176 4.238 0 5.02 2.792 5.02 6.42v7.395h-4.183v-6.56c0-1.564-.03-3.574-2.178-3.574-2.18 0-2.514 1.7-2.514 3.46v6.668h-4.187V12.61z\" fill=\"#000\"><\/path><\/svg><\/span><\/a><a aria-label=\"Instagram\" class=\"heateor_sss_button_instagram\" href=\"https:\/\/www.instagram.com\/@ottawalawreview\" title=\"Instagram\" rel=\"nofollow noopener\" target=\"_blank\" style=\"font-size:32px!important;box-shadow:none;display:inline-block;vertical-align:middle\"><span class=\"heateor_sss_svg\" style=\"background-color:#53beee;width:25px;height:25px;border-radius:999px;display:inline-block;opacity:1;float:left;font-size:32px;box-shadow:none;display:inline-block;font-size:16px;padding:0 4px;vertical-align:middle;background-repeat:repeat;overflow:hidden;padding:0;cursor:pointer;box-sizing:content-box\"><svg style=\"display:block;border-radius:999px;\" version=\"1.1\" viewBox=\"-10 -10 148 148\" width=\"100%\" height=\"100%\" xml:space=\"preserve\" xmlns=\"http:\/\/www.w3.org\/2000\/svg\" xmlns:xlink=\"http:\/\/www.w3.org\/1999\/xlink\"><g><g><path d=\"M86,112H42c-14.336,0-26-11.663-26-26V42c0-14.337,11.664-26,26-26h44c14.337,0,26,11.663,26,26v44 C112,100.337,100.337,112,86,112z M42,24c-9.925,0-18,8.074-18,18v44c0,9.925,8.075,18,18,18h44c9.926,0,18-8.075,18-18V42 c0-9.926-8.074-18-18-18H42z\" fill=\"#000\"><\/path><\/g><g><path d=\"M64,88c-13.234,0-24-10.767-24-24c0-13.234,10.766-24,24-24s24,10.766,24,24C88,77.233,77.234,88,64,88z M64,48c-8.822,0-16,7.178-16,16s7.178,16,16,16c8.822,0,16-7.178,16-16S72.822,48,64,48z\" fill=\"#000\"><\/path><\/g><g><circle cx=\"89.5\" cy=\"38.5\" fill=\"#000\" r=\"5.5\"><\/circle><\/g><\/g><\/svg><\/span><\/a><a aria-label=\"Bluesky\" class=\"heateor_sss_button_bluesky\" href=\"https:\/\/bsky.app\/intent\/compose?text=Monographie%20https%3A%2F%2Frdo-olr.org%2Ffr%2Fmonographie%2F\" title=\"Bluesky\" rel=\"nofollow noopener\" target=\"_blank\" style=\"font-size:32px!important;box-shadow:none;display:inline-block;vertical-align:middle\"><span class=\"heateor_sss_svg heateor_sss_s__default heateor_sss_s_bluesky\" style=\"background-color:#0085ff;width:25px;height:25px;border-radius:999px;display:inline-block;opacity:1;float:left;font-size:32px;box-shadow:none;display:inline-block;font-size:16px;padding:0 4px;vertical-align:middle;background-repeat:repeat;overflow:hidden;padding:0;cursor:pointer;box-sizing:content-box\"><svg width=\"100%\" height=\"100%\" style=\"display:block;border-radius:999px;\" focusable=\"false\" aria-hidden=\"true\" viewBox=\"-3 -3 38 38\" xmlns=\"http:\/\/www.w3.org\/2000\/svg\"><path d=\"M16 14.903c-.996-1.928-3.709-5.521-6.231-7.293C7.353 5.912 6.43 6.206 5.827 6.478 5.127 6.793 5 7.861 5 8.49s.346 5.155.572 5.91c.747 2.496 3.404 3.34 5.851 3.07.125-.02.252-.036.38-.052-.126.02-.253.037-.38.051-3.586.529-6.771 1.83-2.594 6.457 4.595 4.735 6.297-1.015 7.171-3.93.874 2.915 1.88 8.458 7.089 3.93 3.911-3.93 1.074-5.928-2.512-6.457a8.122 8.122 0 0 1-.38-.051c.128.016.255.033.38.051 2.447.271 5.104-.573 5.85-3.069.227-.755.573-5.281.573-5.91 0-.629-.127-1.697-.827-2.012-.604-.271-1.526-.566-3.942 1.132-2.522 1.772-5.235 5.365-6.231 7.293Z\" fill=\"#000\"\/><\/svg><\/span><\/a><\/div><div class=\"heateorSssClear\"><\/div><\/div><div class='heateorSssClear'><\/div>excerpt","protected":false},"author":1,"featured_media":0,"parent":0,"menu_order":0,"comment_status":"closed","ping_status":"closed","template":"","meta":{"_acf_changed":false,"inline_featured_image":false,"episode_type":"","audio_file":"","transcript_file":"","podmotor_file_id":"","podmotor_episode_id":"","cover_image":"","cover_image_id":"","duration":"","filesize":"","filesize_raw":"","date_recorded":"","explicit":"","block":"","iawp_total_views":10,"footnotes":""},"coauthors":[643],"class_list":["post-30533","page","type-page","status-publish","hentry"],"acf":[],"yoast_head":"<!-- This site is optimized with the Yoast SEO plugin v27.1.1 - https:\/\/yoast.com\/product\/yoast-seo-wordpress\/ -->\n<title>Monographie - Ottawa Law Review<\/title>\n<meta name=\"robots\" content=\"index, follow, max-snippet:-1, max-image-preview:large, max-video-preview:-1\" \/>\n<link rel=\"canonical\" href=\"https:\/\/rdo-olr.org\/fr\/monographie\/\" \/>\n<meta property=\"og:locale\" content=\"fr_FR\" \/>\n<meta property=\"og:type\" content=\"article\" \/>\n<meta property=\"og:title\" content=\"Monographie - Ottawa Law Review\" \/>\n<meta property=\"og:description\" content=\"Incidence de l\u2019intelligence artificielle sur les revues de droit | Artificial Intelligence\u2019s Impact on Legal Journals 2025 Directeur: Yan Campagnolo Leonie van Haeren \u2022 Shaarini Ravitharan \u2022 Emma Murray \u2022 Ephraim Barrera Incidence de l\u2019intelligence artificielle sur les revues de droit discute des possibilit\u00e9s et des d\u00e9fis que pr\u00e9sente le recours \u00e0 l\u2019intelligence artificielle (IA), [&hellip;]\" \/>\n<meta property=\"og:url\" content=\"https:\/\/rdo-olr.org\/fr\/monographie\/\" \/>\n<meta property=\"og:site_name\" content=\"Ottawa Law Review\" \/>\n<meta property=\"article:modified_time\" content=\"2025-05-23T21:41:57+00:00\" \/>\n<meta property=\"og:image\" content=\"https:\/\/rdo-olr.org\/wp-content\/uploads\/2025\/05\/Incidence-de-lintelligence-artificielle-cover-1-scaled.jpg\" \/>\n\t<meta property=\"og:image:width\" content=\"1707\" \/>\n\t<meta property=\"og:image:height\" content=\"2560\" \/>\n\t<meta property=\"og:image:type\" content=\"image\/jpeg\" \/>\n<meta name=\"twitter:card\" content=\"summary_large_image\" \/>\n<meta name=\"twitter:label1\" content=\"Dur\u00e9e de lecture estim\u00e9e\" \/>\n\t<meta name=\"twitter:data1\" content=\"1 minute\" \/>\n\t<meta name=\"twitter:label2\" content=\"Written by\" \/>\n\t<meta name=\"twitter:data2\" content=\"Ottawa Law Review\" \/>\n<script type=\"application\/ld+json\" class=\"yoast-schema-graph\">{\"@context\":\"https:\/\/schema.org\",\"@graph\":[{\"@type\":\"WebPage\",\"@id\":\"https:\/\/rdo-olr.org\/fr\/monographie\/\",\"url\":\"https:\/\/rdo-olr.org\/fr\/monographie\/\",\"name\":\"Monographie - Ottawa Law Review\",\"isPartOf\":{\"@id\":\"https:\/\/rdo-olr.org\/fr\/#website\"},\"primaryImageOfPage\":{\"@id\":\"https:\/\/rdo-olr.org\/fr\/monographie\/#primaryimage\"},\"image\":{\"@id\":\"https:\/\/rdo-olr.org\/fr\/monographie\/#primaryimage\"},\"thumbnailUrl\":\"https:\/\/rdo-olr.org\/wp-content\/uploads\/2025\/05\/Incidence-de-lintelligence-artificielle-cover-1-768x1152.jpg\",\"datePublished\":\"2025-05-02T19:36:56+00:00\",\"dateModified\":\"2025-05-23T21:41:57+00:00\",\"breadcrumb\":{\"@id\":\"https:\/\/rdo-olr.org\/fr\/monographie\/#breadcrumb\"},\"inLanguage\":\"fr-FR\",\"potentialAction\":[{\"@type\":\"ReadAction\",\"target\":[\"https:\/\/rdo-olr.org\/fr\/monographie\/\"]}]},{\"@type\":\"ImageObject\",\"inLanguage\":\"fr-FR\",\"@id\":\"https:\/\/rdo-olr.org\/fr\/monographie\/#primaryimage\",\"url\":\"https:\/\/rdo-olr.org\/wp-content\/uploads\/2025\/05\/Incidence-de-lintelligence-artificielle-cover-1-768x1152.jpg\",\"contentUrl\":\"https:\/\/rdo-olr.org\/wp-content\/uploads\/2025\/05\/Incidence-de-lintelligence-artificielle-cover-1-768x1152.jpg\"},{\"@type\":\"BreadcrumbList\",\"@id\":\"https:\/\/rdo-olr.org\/fr\/monographie\/#breadcrumb\",\"itemListElement\":[{\"@type\":\"ListItem\",\"position\":1,\"name\":\"Home\",\"item\":\"https:\/\/rdo-olr.org\/fr\/\"},{\"@type\":\"ListItem\",\"position\":2,\"name\":\"Monographie\"}]},{\"@type\":\"WebSite\",\"@id\":\"https:\/\/rdo-olr.org\/fr\/#website\",\"url\":\"https:\/\/rdo-olr.org\/fr\/\",\"name\":\"Ottawa Law Review\",\"description\":\"Revue De Droit D&#039;ottawa \/ Ottawa Law Review\",\"potentialAction\":[{\"@type\":\"SearchAction\",\"target\":{\"@type\":\"EntryPoint\",\"urlTemplate\":\"https:\/\/rdo-olr.org\/fr\/?s={search_term_string}\"},\"query-input\":{\"@type\":\"PropertyValueSpecification\",\"valueRequired\":true,\"valueName\":\"search_term_string\"}}],\"inLanguage\":\"fr-FR\"}]}<\/script>\n<!-- \/ Yoast SEO plugin. -->","yoast_head_json":{"title":"Monographie - Ottawa Law Review","robots":{"index":"index","follow":"follow","max-snippet":"max-snippet:-1","max-image-preview":"max-image-preview:large","max-video-preview":"max-video-preview:-1"},"canonical":"https:\/\/rdo-olr.org\/fr\/monographie\/","og_locale":"fr_FR","og_type":"article","og_title":"Monographie - Ottawa Law Review","og_description":"Incidence de l\u2019intelligence artificielle sur les revues de droit | Artificial Intelligence\u2019s Impact on Legal Journals 2025 Directeur: Yan Campagnolo Leonie van Haeren \u2022 Shaarini Ravitharan \u2022 Emma Murray \u2022 Ephraim Barrera Incidence de l\u2019intelligence artificielle sur les revues de droit discute des possibilit\u00e9s et des d\u00e9fis que pr\u00e9sente le recours \u00e0 l\u2019intelligence artificielle (IA), [&hellip;]","og_url":"https:\/\/rdo-olr.org\/fr\/monographie\/","og_site_name":"Ottawa Law Review","article_modified_time":"2025-05-23T21:41:57+00:00","og_image":[{"width":1707,"height":2560,"url":"https:\/\/rdo-olr.org\/wp-content\/uploads\/2025\/05\/Incidence-de-lintelligence-artificielle-cover-1-scaled.jpg","type":"image\/jpeg"}],"twitter_card":"summary_large_image","twitter_misc":{"Dur\u00e9e de lecture estim\u00e9e":"1 minute","Written by":"Ottawa Law Review"},"schema":{"@context":"https:\/\/schema.org","@graph":[{"@type":"WebPage","@id":"https:\/\/rdo-olr.org\/fr\/monographie\/","url":"https:\/\/rdo-olr.org\/fr\/monographie\/","name":"Monographie - Ottawa Law Review","isPartOf":{"@id":"https:\/\/rdo-olr.org\/fr\/#website"},"primaryImageOfPage":{"@id":"https:\/\/rdo-olr.org\/fr\/monographie\/#primaryimage"},"image":{"@id":"https:\/\/rdo-olr.org\/fr\/monographie\/#primaryimage"},"thumbnailUrl":"https:\/\/rdo-olr.org\/wp-content\/uploads\/2025\/05\/Incidence-de-lintelligence-artificielle-cover-1-768x1152.jpg","datePublished":"2025-05-02T19:36:56+00:00","dateModified":"2025-05-23T21:41:57+00:00","breadcrumb":{"@id":"https:\/\/rdo-olr.org\/fr\/monographie\/#breadcrumb"},"inLanguage":"fr-FR","potentialAction":[{"@type":"ReadAction","target":["https:\/\/rdo-olr.org\/fr\/monographie\/"]}]},{"@type":"ImageObject","inLanguage":"fr-FR","@id":"https:\/\/rdo-olr.org\/fr\/monographie\/#primaryimage","url":"https:\/\/rdo-olr.org\/wp-content\/uploads\/2025\/05\/Incidence-de-lintelligence-artificielle-cover-1-768x1152.jpg","contentUrl":"https:\/\/rdo-olr.org\/wp-content\/uploads\/2025\/05\/Incidence-de-lintelligence-artificielle-cover-1-768x1152.jpg"},{"@type":"BreadcrumbList","@id":"https:\/\/rdo-olr.org\/fr\/monographie\/#breadcrumb","itemListElement":[{"@type":"ListItem","position":1,"name":"Home","item":"https:\/\/rdo-olr.org\/fr\/"},{"@type":"ListItem","position":2,"name":"Monographie"}]},{"@type":"WebSite","@id":"https:\/\/rdo-olr.org\/fr\/#website","url":"https:\/\/rdo-olr.org\/fr\/","name":"Ottawa Law Review","description":"Revue De Droit D&#039;ottawa \/ Ottawa Law Review","potentialAction":[{"@type":"SearchAction","target":{"@type":"EntryPoint","urlTemplate":"https:\/\/rdo-olr.org\/fr\/?s={search_term_string}"},"query-input":{"@type":"PropertyValueSpecification","valueRequired":true,"valueName":"search_term_string"}}],"inLanguage":"fr-FR"}]}},"_links":{"self":[{"href":"https:\/\/rdo-olr.org\/fr\/wp-json\/wp\/v2\/pages\/30533","targetHints":{"allow":["GET"]}}],"collection":[{"href":"https:\/\/rdo-olr.org\/fr\/wp-json\/wp\/v2\/pages"}],"about":[{"href":"https:\/\/rdo-olr.org\/fr\/wp-json\/wp\/v2\/types\/page"}],"author":[{"embeddable":true,"href":"https:\/\/rdo-olr.org\/fr\/wp-json\/wp\/v2\/users\/1"}],"replies":[{"embeddable":true,"href":"https:\/\/rdo-olr.org\/fr\/wp-json\/wp\/v2\/comments?post=30533"}],"version-history":[{"count":21,"href":"https:\/\/rdo-olr.org\/fr\/wp-json\/wp\/v2\/pages\/30533\/revisions"}],"predecessor-version":[{"id":30886,"href":"https:\/\/rdo-olr.org\/fr\/wp-json\/wp\/v2\/pages\/30533\/revisions\/30886"}],"wp:attachment":[{"href":"https:\/\/rdo-olr.org\/fr\/wp-json\/wp\/v2\/media?parent=30533"}],"wp:term":[{"taxonomy":"author","embeddable":true,"href":"https:\/\/rdo-olr.org\/fr\/wp-json\/wp\/v2\/coauthors?post=30533"}],"curies":[{"name":"wp","href":"https:\/\/api.w.org\/{rel}","templated":true}]}}