{"id":21472,"date":"2022-07-28T14:10:57","date_gmt":"2022-07-28T14:10:57","guid":{"rendered":"https:\/\/rdo-olr.org\/donnez\/"},"modified":"2023-04-06T18:02:56","modified_gmt":"2023-04-06T18:02:56","slug":"donnez","status":"publish","type":"page","link":"https:\/\/rdo-olr.org\/fr\/donnez\/","title":{"rendered":"Donnez\u200b"},"content":{"rendered":"\t\t<div data-elementor-type=\"wp-page\" data-elementor-id=\"21472\" class=\"elementor elementor-21472 elementor-37\" data-elementor-post-type=\"page\">\n\t\t\t\t\t\t<section class=\"elementor-section elementor-top-section elementor-element elementor-element-0d9b00f donate-banner-wrap pt-80 pb-180 p-lr elementor-section-boxed elementor-section-height-default elementor-section-height-default\" data-id=\"0d9b00f\" data-element_type=\"section\" data-e-type=\"section\">\n\t\t\t\t\t\t<div class=\"elementor-container elementor-column-gap-default\">\n\t\t\t\t\t<div class=\"elementor-column elementor-col-100 elementor-top-column elementor-element elementor-element-c1fb3d0\" data-id=\"c1fb3d0\" data-element_type=\"column\" data-e-type=\"column\">\n\t\t\t<div class=\"elementor-widget-wrap elementor-element-populated\">\n\t\t\t\t\t\t<section class=\"elementor-section elementor-inner-section elementor-element elementor-element-32389dd elementor-section-boxed elementor-section-height-default elementor-section-height-default\" data-id=\"32389dd\" data-element_type=\"section\" data-e-type=\"section\">\n\t\t\t\t\t\t<div class=\"elementor-container elementor-column-gap-default\">\n\t\t\t\t\t<div class=\"elementor-column elementor-col-50 elementor-inner-column elementor-element elementor-element-e73b7d7 pr-20\" data-id=\"e73b7d7\" data-element_type=\"column\" data-e-type=\"column\">\n\t\t\t<div class=\"elementor-widget-wrap elementor-element-populated\">\n\t\t\t\t\t\t<div class=\"elementor-element elementor-element-9b590bb elementor-widget elementor-widget-heading\" data-id=\"9b590bb\" data-element_type=\"widget\" data-e-type=\"widget\" data-widget_type=\"heading.default\">\n\t\t\t\t<div class=\"elementor-widget-container\">\n\t\t\t\t\t<h4 class=\"elementor-heading-title elementor-size-default\">faites un don<\/h4>\t\t\t\t<\/div>\n\t\t\t\t<\/div>\n\t\t\t\t<div class=\"elementor-element elementor-element-fd99fd8 pt-30 elementor-widget elementor-widget-heading\" data-id=\"fd99fd8\" data-element_type=\"widget\" data-e-type=\"widget\" data-widget_type=\"heading.default\">\n\t\t\t\t<div class=\"elementor-widget-container\">\n\t\t\t\t\t<h2 class=\"elementor-heading-title elementor-size-default\">Donner<\/h2>\t\t\t\t<\/div>\n\t\t\t\t<\/div>\n\t\t\t\t<div class=\"elementor-element elementor-element-83df2a7 pt-30 elementor-widget elementor-widget-text-editor\" data-id=\"83df2a7\" data-element_type=\"widget\" data-e-type=\"widget\" data-widget_type=\"text-editor.default\">\n\t\t\t\t<div class=\"elementor-widget-container\">\n\t\t\t\t\t\t\t\t\t<p>D\u00e8s ses d\u00e9buts en 1966, la <em>RDO<\/em> s&rsquo;est engag\u00e9e \u00e0 respecter les normes de qualit\u00e9 et d&rsquo;excellence les plus \u00e9lev\u00e9es. Votre don permet \u00e0 nos r\u00e9dacteurs \u00e9tudiants et r\u00e9dactrices \u00e9tudiantes de continuer \u00e0 offrir un moyen de faire progresser l\u2019\u00e9rudition juridique, une ressource de recherche de premier ordre pour la profession juridique et un forum permettant aux \u00e9tudiants et \u00e9tudiantes en droit de d\u00e9velopper leurs comp\u00e9tences juridiques. Les \u00e9tudiants et \u00e9tudiantes de la Section de common law de la Facult\u00e9 de droit de l&rsquo;Universit\u00e9 d&rsquo;Ottawa vous remercient de votre g\u00e9n\u00e9reuse contribution et de votre soutien continu.<\/p>\t\t\t\t\t\t\t\t<\/div>\n\t\t\t\t<\/div>\n\t\t\t\t<div class=\"elementor-element elementor-element-be167aa pt-50 elementor-widget elementor-widget-button\" data-id=\"be167aa\" data-element_type=\"widget\" data-e-type=\"widget\" data-widget_type=\"button.default\">\n\t\t\t\t<div class=\"elementor-widget-container\">\n\t\t\t\t\t\t\t\t\t<div class=\"elementor-button-wrapper\">\n\t\t\t\t\t<a class=\"elementor-button elementor-button-link elementor-size-sm\" href=\"https:\/\/alumni.uottawa.ca\/formulaire-don?fid=WdIL%2f1vwHcQ%3d&#038;fdesc=BjrStgKOliLDebVmDGdvbmDdOKZ1rO8X%2ftriI2dXMdRLcHrW%2b%2fABmmRpLLjHymW%2f\">\n\t\t\t\t\t\t<span class=\"elementor-button-content-wrapper\">\n\t\t\t\t\t\t\t\t\t<span class=\"elementor-button-text\">Faites un don<\/span>\n\t\t\t\t\t<\/span>\n\t\t\t\t\t<\/a>\n\t\t\t\t<\/div>\n\t\t\t\t\t\t\t\t<\/div>\n\t\t\t\t<\/div>\n\t\t\t\t\t<\/div>\n\t\t<\/div>\n\t\t\t\t<div class=\"elementor-column elementor-col-50 elementor-inner-column elementor-element elementor-element-76cc201 pt-50 pt20 pl0\" data-id=\"76cc201\" data-element_type=\"column\" data-e-type=\"column\">\n\t\t\t<div class=\"elementor-widget-wrap elementor-element-populated\">\n\t\t\t\t\t\t<div class=\"elementor-element elementor-element-5fbf5c5 elementor-widget elementor-widget-image\" data-id=\"5fbf5c5\" data-element_type=\"widget\" data-e-type=\"widget\" data-widget_type=\"image.default\">\n\t\t\t\t<div class=\"elementor-widget-container\">\n\t\t\t\t\t\t\t\t\t\t\t\t\t\t\t<img fetchpriority=\"high\" decoding=\"async\" width=\"640\" height=\"593\" src=\"https:\/\/rdo-olr.org\/wp-content\/uploads\/2022\/08\/donate-min-1.png\" class=\"attachment-full size-full wp-image-19560\" alt=\"\" srcset=\"https:\/\/rdo-olr.org\/wp-content\/uploads\/2022\/08\/donate-min-1.png 640w, https:\/\/rdo-olr.org\/wp-content\/uploads\/2022\/08\/donate-min-1-300x278.png 300w\" sizes=\"(max-width: 640px) 100vw, 640px\" \/>\t\t\t\t\t\t\t\t\t\t\t\t\t\t\t<\/div>\n\t\t\t\t<\/div>\n\t\t\t\t\t<\/div>\n\t\t<\/div>\n\t\t\t\t\t<\/div>\n\t\t<\/section>\n\t\t\t\t\t<\/div>\n\t\t<\/div>\n\t\t\t\t\t<\/div>\n\t\t<\/section>\n\t\t\t\t<\/div>\n\t\t","protected":false},"excerpt":{"rendered":"<div class='heateorSssClear'><\/div><div  class='heateor_sss_sharing_container heateor_sss_horizontal_sharing' data-heateor-sss-href='https:\/\/rdo-olr.org\/fr\/donnez\/'><div class='heateor_sss_sharing_title' style=\"font-weight:bold\" >Partager cet Article<\/div><div class=\"heateor_sss_sharing_ul\"><a aria-label=\"Facebook\" class=\"heateor_sss_facebook\" href=\"https:\/\/www.facebook.com\/sharer\/sharer.php?u=https%3A%2F%2Frdo-olr.org%2Ffr%2Fdonnez%2F\" title=\"Facebook\" rel=\"nofollow noopener\" target=\"_blank\" style=\"font-size:32px!important;box-shadow:none;display:inline-block;vertical-align:middle\"><span class=\"heateor_sss_svg\" style=\"background-color:#0765FE;width:25px;height:25px;border-radius:999px;display:inline-block;opacity:1;float:left;font-size:32px;box-shadow:none;display:inline-block;font-size:16px;padding:0 4px;vertical-align:middle;background-repeat:repeat;overflow:hidden;padding:0;cursor:pointer;box-sizing:content-box\"><svg style=\"display:block;border-radius:999px;\" focusable=\"false\" aria-hidden=\"true\" xmlns=\"http:\/\/www.w3.org\/2000\/svg\" width=\"100%\" height=\"100%\" viewBox=\"0 0 32 32\"><path fill=\"#000\" d=\"M28 16c0-6.627-5.373-12-12-12S4 9.373 4 16c0 5.628 3.875 10.35 9.101 11.647v-7.98h-2.474V16H13.1v-1.58c0-4.085 1.849-5.978 5.859-5.978.76 0 2.072.15 2.608.298v3.325c-.283-.03-.775-.045-1.386-.045-1.967 0-2.728.745-2.728 2.683V16h3.92l-.673 3.667h-3.247v8.245C23.395 27.195 28 22.135 28 16Z\"><\/path><\/svg><\/span><\/a><a aria-label=\"Email\" class=\"heateor_sss_email\" href=\"https:\/\/rdo-olr.org\/fr\/donnez\/\" onclick=\"event.preventDefault();window.open('mailto:?subject=' + decodeURIComponent('Donnez%E2%80%8B').replace('&', '%26') + '&body=https%3A%2F%2Frdo-olr.org%2Ffr%2Fdonnez%2F', '_blank')\" title=\"Email\" rel=\"noopener\" style=\"font-size:32px!important;box-shadow:none;display:inline-block;vertical-align:middle\"><span class=\"heateor_sss_svg\" style=\"background-color:#649a3f;width:25px;height:25px;border-radius:999px;display:inline-block;opacity:1;float:left;font-size:32px;box-shadow:none;display:inline-block;font-size:16px;padding:0 4px;vertical-align:middle;background-repeat:repeat;overflow:hidden;padding:0;cursor:pointer;box-sizing:content-box\"><svg style=\"display:block;border-radius:999px;\" focusable=\"false\" aria-hidden=\"true\" xmlns=\"http:\/\/www.w3.org\/2000\/svg\" width=\"100%\" height=\"100%\" viewBox=\"-.75 -.5 36 36\"><path d=\"M 5.5 11 h 23 v 1 l -11 6 l -11 -6 v -1 m 0 2 l 11 6 l 11 -6 v 11 h -22 v -11\" stroke-width=\"1\" fill=\"#000\"><\/path><\/svg><\/span><\/a><a aria-label=\"Linkedin\" class=\"heateor_sss_button_linkedin\" href=\"https:\/\/www.linkedin.com\/sharing\/share-offsite\/?url=https%3A%2F%2Frdo-olr.org%2Ffr%2Fdonnez%2F\" title=\"Linkedin\" rel=\"nofollow noopener\" target=\"_blank\" style=\"font-size:32px!important;box-shadow:none;display:inline-block;vertical-align:middle\"><span class=\"heateor_sss_svg heateor_sss_s__default heateor_sss_s_linkedin\" style=\"background-color:#0077b5;width:25px;height:25px;border-radius:999px;display:inline-block;opacity:1;float:left;font-size:32px;box-shadow:none;display:inline-block;font-size:16px;padding:0 4px;vertical-align:middle;background-repeat:repeat;overflow:hidden;padding:0;cursor:pointer;box-sizing:content-box\"><svg style=\"display:block;border-radius:999px;\" focusable=\"false\" aria-hidden=\"true\" xmlns=\"http:\/\/www.w3.org\/2000\/svg\" width=\"100%\" height=\"100%\" viewBox=\"0 0 32 32\"><path d=\"M6.227 12.61h4.19v13.48h-4.19V12.61zm2.095-6.7a2.43 2.43 0 0 1 0 4.86c-1.344 0-2.428-1.09-2.428-2.43s1.084-2.43 2.428-2.43m4.72 6.7h4.02v1.84h.058c.56-1.058 1.927-2.176 3.965-2.176 4.238 0 5.02 2.792 5.02 6.42v7.395h-4.183v-6.56c0-1.564-.03-3.574-2.178-3.574-2.18 0-2.514 1.7-2.514 3.46v6.668h-4.187V12.61z\" fill=\"#000\"><\/path><\/svg><\/span><\/a><a aria-label=\"Instagram\" class=\"heateor_sss_button_instagram\" href=\"https:\/\/www.instagram.com\/@ottawalawreview\" title=\"Instagram\" rel=\"nofollow noopener\" target=\"_blank\" style=\"font-size:32px!important;box-shadow:none;display:inline-block;vertical-align:middle\"><span class=\"heateor_sss_svg\" style=\"background-color:#53beee;width:25px;height:25px;border-radius:999px;display:inline-block;opacity:1;float:left;font-size:32px;box-shadow:none;display:inline-block;font-size:16px;padding:0 4px;vertical-align:middle;background-repeat:repeat;overflow:hidden;padding:0;cursor:pointer;box-sizing:content-box\"><svg style=\"display:block;border-radius:999px;\" version=\"1.1\" viewBox=\"-10 -10 148 148\" width=\"100%\" height=\"100%\" xml:space=\"preserve\" xmlns=\"http:\/\/www.w3.org\/2000\/svg\" xmlns:xlink=\"http:\/\/www.w3.org\/1999\/xlink\"><g><g><path d=\"M86,112H42c-14.336,0-26-11.663-26-26V42c0-14.337,11.664-26,26-26h44c14.337,0,26,11.663,26,26v44 C112,100.337,100.337,112,86,112z M42,24c-9.925,0-18,8.074-18,18v44c0,9.925,8.075,18,18,18h44c9.926,0,18-8.075,18-18V42 c0-9.926-8.074-18-18-18H42z\" fill=\"#000\"><\/path><\/g><g><path d=\"M64,88c-13.234,0-24-10.767-24-24c0-13.234,10.766-24,24-24s24,10.766,24,24C88,77.233,77.234,88,64,88z M64,48c-8.822,0-16,7.178-16,16s7.178,16,16,16c8.822,0,16-7.178,16-16S72.822,48,64,48z\" fill=\"#000\"><\/path><\/g><g><circle cx=\"89.5\" cy=\"38.5\" fill=\"#000\" r=\"5.5\"><\/circle><\/g><\/g><\/svg><\/span><\/a><a aria-label=\"Bluesky\" class=\"heateor_sss_button_bluesky\" href=\"https:\/\/bsky.app\/intent\/compose?text=Donnez%E2%80%8B%20https%3A%2F%2Frdo-olr.org%2Ffr%2Fdonnez%2F\" title=\"Bluesky\" rel=\"nofollow noopener\" target=\"_blank\" style=\"font-size:32px!important;box-shadow:none;display:inline-block;vertical-align:middle\"><span class=\"heateor_sss_svg heateor_sss_s__default heateor_sss_s_bluesky\" style=\"background-color:#0085ff;width:25px;height:25px;border-radius:999px;display:inline-block;opacity:1;float:left;font-size:32px;box-shadow:none;display:inline-block;font-size:16px;padding:0 4px;vertical-align:middle;background-repeat:repeat;overflow:hidden;padding:0;cursor:pointer;box-sizing:content-box\"><svg width=\"100%\" height=\"100%\" style=\"display:block;border-radius:999px;\" focusable=\"false\" aria-hidden=\"true\" viewBox=\"-3 -3 38 38\" xmlns=\"http:\/\/www.w3.org\/2000\/svg\"><path d=\"M16 14.903c-.996-1.928-3.709-5.521-6.231-7.293C7.353 5.912 6.43 6.206 5.827 6.478 5.127 6.793 5 7.861 5 8.49s.346 5.155.572 5.91c.747 2.496 3.404 3.34 5.851 3.07.125-.02.252-.036.38-.052-.126.02-.253.037-.38.051-3.586.529-6.771 1.83-2.594 6.457 4.595 4.735 6.297-1.015 7.171-3.93.874 2.915 1.88 8.458 7.089 3.93 3.911-3.93 1.074-5.928-2.512-6.457a8.122 8.122 0 0 1-.38-.051c.128.016.255.033.38.051 2.447.271 5.104-.573 5.85-3.069.227-.755.573-5.281.573-5.91 0-.629-.127-1.697-.827-2.012-.604-.271-1.526-.566-3.942 1.132-2.522 1.772-5.235 5.365-6.231 7.293Z\" fill=\"#000\"\/><\/svg><\/span><\/a><\/div><div class=\"heateorSssClear\"><\/div><\/div><div class='heateorSssClear'><\/div>excerpt","protected":false},"author":1,"featured_media":0,"parent":0,"menu_order":23,"comment_status":"closed","ping_status":"closed","template":"","meta":{"_acf_changed":false,"inline_featured_image":false,"episode_type":"","audio_file":"","transcript_file":"","podmotor_file_id":"","podmotor_episode_id":"","cover_image":"","cover_image_id":"","duration":"","filesize":"","filesize_raw":"","date_recorded":"","explicit":"","block":"","iawp_total_views":0,"footnotes":""},"coauthors":[],"class_list":["post-21472","page","type-page","status-publish","hentry"],"acf":[],"yoast_head":"<!-- This site is optimized with the Yoast SEO plugin v27.1.1 - https:\/\/yoast.com\/product\/yoast-seo-wordpress\/ -->\n<title>Donnez\u200b | Revue de droit d\u2019Ottawa<\/title>\n<meta name=\"description\" content=\"Votre don aide nos r\u00e9dacteurs \u00e9tudiants \u00e0 continuer de fournir un support pour l&#039;avancement des bourses d&#039;\u00e9tudes juridiques, une ressource de recherche de premier ordre pour la profession juridique\" \/>\n<meta name=\"robots\" content=\"index, follow, max-snippet:-1, max-image-preview:large, max-video-preview:-1\" \/>\n<link rel=\"canonical\" href=\"https:\/\/rdo-olr.org\/fr\/donnez\/\" \/>\n<meta property=\"og:locale\" content=\"fr_FR\" \/>\n<meta property=\"og:type\" content=\"article\" \/>\n<meta property=\"og:title\" content=\"Donnez\u200b | Revue de droit d\u2019Ottawa\" \/>\n<meta property=\"og:description\" content=\"Votre don aide nos r\u00e9dacteurs \u00e9tudiants \u00e0 continuer de fournir un support pour l&#039;avancement des bourses d&#039;\u00e9tudes juridiques, une ressource de recherche de premier ordre pour la profession juridique\" \/>\n<meta property=\"og:url\" content=\"https:\/\/rdo-olr.org\/fr\/donnez\/\" \/>\n<meta property=\"og:site_name\" content=\"Ottawa Law Review\" \/>\n<meta property=\"article:modified_time\" content=\"2023-04-06T18:02:56+00:00\" \/>\n<meta property=\"og:image\" content=\"https:\/\/rdo-olr.org\/wp-content\/uploads\/2022\/08\/donate-min-1.png\" \/>\n<meta name=\"twitter:card\" content=\"summary_large_image\" \/>\n<meta name=\"twitter:label1\" content=\"Dur\u00e9e de lecture estim\u00e9e\" \/>\n\t<meta name=\"twitter:data1\" content=\"1 minute\" \/>\n\t<meta name=\"twitter:label2\" content=\"Written by\" \/>\n\t<meta name=\"twitter:data2\" content=\"Ottawa Law Review\" \/>\n<script type=\"application\/ld+json\" class=\"yoast-schema-graph\">{\"@context\":\"https:\/\/schema.org\",\"@graph\":[{\"@type\":\"WebPage\",\"@id\":\"https:\/\/rdo-olr.org\/fr\/donnez\/\",\"url\":\"https:\/\/rdo-olr.org\/fr\/donnez\/\",\"name\":\"Donnez\u200b | Revue de droit d\u2019Ottawa\",\"isPartOf\":{\"@id\":\"https:\/\/rdo-olr.org\/fr\/#website\"},\"primaryImageOfPage\":{\"@id\":\"https:\/\/rdo-olr.org\/fr\/donnez\/#primaryimage\"},\"image\":{\"@id\":\"https:\/\/rdo-olr.org\/fr\/donnez\/#primaryimage\"},\"thumbnailUrl\":\"https:\/\/rdo-olr.org\/wp-content\/uploads\/2022\/08\/donate-min-1.png\",\"datePublished\":\"2022-07-28T14:10:57+00:00\",\"dateModified\":\"2023-04-06T18:02:56+00:00\",\"description\":\"Votre don aide nos r\u00e9dacteurs \u00e9tudiants \u00e0 continuer de fournir un support pour l'avancement des bourses d'\u00e9tudes juridiques, une ressource de recherche de premier ordre pour la profession juridique\",\"breadcrumb\":{\"@id\":\"https:\/\/rdo-olr.org\/fr\/donnez\/#breadcrumb\"},\"inLanguage\":\"fr-FR\",\"potentialAction\":[{\"@type\":\"ReadAction\",\"target\":[\"https:\/\/rdo-olr.org\/fr\/donnez\/\"]}]},{\"@type\":\"ImageObject\",\"inLanguage\":\"fr-FR\",\"@id\":\"https:\/\/rdo-olr.org\/fr\/donnez\/#primaryimage\",\"url\":\"https:\/\/rdo-olr.org\/wp-content\/uploads\/2022\/08\/donate-min-1.png\",\"contentUrl\":\"https:\/\/rdo-olr.org\/wp-content\/uploads\/2022\/08\/donate-min-1.png\"},{\"@type\":\"BreadcrumbList\",\"@id\":\"https:\/\/rdo-olr.org\/fr\/donnez\/#breadcrumb\",\"itemListElement\":[{\"@type\":\"ListItem\",\"position\":1,\"name\":\"Home\",\"item\":\"https:\/\/rdo-olr.org\/fr\/\"},{\"@type\":\"ListItem\",\"position\":2,\"name\":\"Donnez\u200b\"}]},{\"@type\":\"WebSite\",\"@id\":\"https:\/\/rdo-olr.org\/fr\/#website\",\"url\":\"https:\/\/rdo-olr.org\/fr\/\",\"name\":\"Ottawa Law Review\",\"description\":\"Revue De Droit D&#039;ottawa \/ Ottawa Law Review\",\"potentialAction\":[{\"@type\":\"SearchAction\",\"target\":{\"@type\":\"EntryPoint\",\"urlTemplate\":\"https:\/\/rdo-olr.org\/fr\/?s={search_term_string}\"},\"query-input\":{\"@type\":\"PropertyValueSpecification\",\"valueRequired\":true,\"valueName\":\"search_term_string\"}}],\"inLanguage\":\"fr-FR\"}]}<\/script>\n<!-- \/ Yoast SEO plugin. -->","yoast_head_json":{"title":"Donnez\u200b | Revue de droit d\u2019Ottawa","description":"Votre don aide nos r\u00e9dacteurs \u00e9tudiants \u00e0 continuer de fournir un support pour l'avancement des bourses d'\u00e9tudes juridiques, une ressource de recherche de premier ordre pour la profession juridique","robots":{"index":"index","follow":"follow","max-snippet":"max-snippet:-1","max-image-preview":"max-image-preview:large","max-video-preview":"max-video-preview:-1"},"canonical":"https:\/\/rdo-olr.org\/fr\/donnez\/","og_locale":"fr_FR","og_type":"article","og_title":"Donnez\u200b | Revue de droit d\u2019Ottawa","og_description":"Votre don aide nos r\u00e9dacteurs \u00e9tudiants \u00e0 continuer de fournir un support pour l'avancement des bourses d'\u00e9tudes juridiques, une ressource de recherche de premier ordre pour la profession juridique","og_url":"https:\/\/rdo-olr.org\/fr\/donnez\/","og_site_name":"Ottawa Law Review","article_modified_time":"2023-04-06T18:02:56+00:00","og_image":[{"url":"https:\/\/rdo-olr.org\/wp-content\/uploads\/2022\/08\/donate-min-1.png","type":"","width":"","height":""}],"twitter_card":"summary_large_image","twitter_misc":{"Dur\u00e9e de lecture estim\u00e9e":"1 minute","Written by":"Ottawa Law Review"},"schema":{"@context":"https:\/\/schema.org","@graph":[{"@type":"WebPage","@id":"https:\/\/rdo-olr.org\/fr\/donnez\/","url":"https:\/\/rdo-olr.org\/fr\/donnez\/","name":"Donnez\u200b | Revue de droit d\u2019Ottawa","isPartOf":{"@id":"https:\/\/rdo-olr.org\/fr\/#website"},"primaryImageOfPage":{"@id":"https:\/\/rdo-olr.org\/fr\/donnez\/#primaryimage"},"image":{"@id":"https:\/\/rdo-olr.org\/fr\/donnez\/#primaryimage"},"thumbnailUrl":"https:\/\/rdo-olr.org\/wp-content\/uploads\/2022\/08\/donate-min-1.png","datePublished":"2022-07-28T14:10:57+00:00","dateModified":"2023-04-06T18:02:56+00:00","description":"Votre don aide nos r\u00e9dacteurs \u00e9tudiants \u00e0 continuer de fournir un support pour l'avancement des bourses d'\u00e9tudes juridiques, une ressource de recherche de premier ordre pour la profession juridique","breadcrumb":{"@id":"https:\/\/rdo-olr.org\/fr\/donnez\/#breadcrumb"},"inLanguage":"fr-FR","potentialAction":[{"@type":"ReadAction","target":["https:\/\/rdo-olr.org\/fr\/donnez\/"]}]},{"@type":"ImageObject","inLanguage":"fr-FR","@id":"https:\/\/rdo-olr.org\/fr\/donnez\/#primaryimage","url":"https:\/\/rdo-olr.org\/wp-content\/uploads\/2022\/08\/donate-min-1.png","contentUrl":"https:\/\/rdo-olr.org\/wp-content\/uploads\/2022\/08\/donate-min-1.png"},{"@type":"BreadcrumbList","@id":"https:\/\/rdo-olr.org\/fr\/donnez\/#breadcrumb","itemListElement":[{"@type":"ListItem","position":1,"name":"Home","item":"https:\/\/rdo-olr.org\/fr\/"},{"@type":"ListItem","position":2,"name":"Donnez\u200b"}]},{"@type":"WebSite","@id":"https:\/\/rdo-olr.org\/fr\/#website","url":"https:\/\/rdo-olr.org\/fr\/","name":"Ottawa Law Review","description":"Revue De Droit D&#039;ottawa \/ Ottawa Law Review","potentialAction":[{"@type":"SearchAction","target":{"@type":"EntryPoint","urlTemplate":"https:\/\/rdo-olr.org\/fr\/?s={search_term_string}"},"query-input":{"@type":"PropertyValueSpecification","valueRequired":true,"valueName":"search_term_string"}}],"inLanguage":"fr-FR"}]}},"_links":{"self":[{"href":"https:\/\/rdo-olr.org\/fr\/wp-json\/wp\/v2\/pages\/21472","targetHints":{"allow":["GET"]}}],"collection":[{"href":"https:\/\/rdo-olr.org\/fr\/wp-json\/wp\/v2\/pages"}],"about":[{"href":"https:\/\/rdo-olr.org\/fr\/wp-json\/wp\/v2\/types\/page"}],"author":[{"embeddable":true,"href":"https:\/\/rdo-olr.org\/fr\/wp-json\/wp\/v2\/users\/1"}],"replies":[{"embeddable":true,"href":"https:\/\/rdo-olr.org\/fr\/wp-json\/wp\/v2\/comments?post=21472"}],"version-history":[{"count":7,"href":"https:\/\/rdo-olr.org\/fr\/wp-json\/wp\/v2\/pages\/21472\/revisions"}],"predecessor-version":[{"id":24504,"href":"https:\/\/rdo-olr.org\/fr\/wp-json\/wp\/v2\/pages\/21472\/revisions\/24504"}],"wp:attachment":[{"href":"https:\/\/rdo-olr.org\/fr\/wp-json\/wp\/v2\/media?parent=21472"}],"wp:term":[{"taxonomy":"author","embeddable":true,"href":"https:\/\/rdo-olr.org\/fr\/wp-json\/wp\/v2\/coauthors?post=21472"}],"curies":[{"name":"wp","href":"https:\/\/api.w.org\/{rel}","templated":true}]}}